{"id":51,"date":"2021-11-14T14:53:34","date_gmt":"2021-11-14T14:53:34","guid":{"rendered":"http:\/\/s448133046.mialojamiento.es\/?page_id=51"},"modified":"2025-10-03T16:32:16","modified_gmt":"2025-10-03T15:32:16","slug":"outlet","status":"publish","type":"page","link":"https:\/\/apymajesuitaspamplona.com\/?page_id=51","title":{"rendered":"OUTLET"},"content":{"rendered":"\t\t<div data-elementor-type=\"wp-page\" data-elementor-id=\"51\" class=\"elementor elementor-51\">\n\t\t\t\t\t\t<section class=\"elementor-section elementor-top-section elementor-element elementor-element-eab7db8 elementor-section-boxed elementor-section-height-default elementor-section-height-default\" data-id=\"eab7db8\" data-element_type=\"section\" data-e-type=\"section\">\n\t\t\t\t\t\t<div class=\"elementor-container elementor-column-gap-default\">\n\t\t\t\t\t<div class=\"elementor-column elementor-col-100 elementor-top-column elementor-element elementor-element-f2eef8b\" data-id=\"f2eef8b\" data-element_type=\"column\" data-e-type=\"column\">\n\t\t\t<div class=\"elementor-widget-wrap elementor-element-populated\">\n\t\t\t\t\t\t<div class=\"elementor-element elementor-element-a21d136 elementor-widget elementor-widget-heading\" data-id=\"a21d136\" data-element_type=\"widget\" data-e-type=\"widget\" data-widget_type=\"heading.default\">\n\t\t\t\t<div class=\"elementor-widget-container\">\n\t\t\t\t\t<h2 class=\"elementor-heading-title elementor-size-default\">NUESTRO OUTLET<\/h2>\t\t\t\t<\/div>\n\t\t\t\t<\/div>\n\t\t\t\t\t<\/div>\n\t\t<\/div>\n\t\t\t\t\t<\/div>\n\t\t<\/section>\n\t\t\t\t<section class=\"elementor-section elementor-top-section elementor-element elementor-element-7662bdb elementor-section-boxed elementor-section-height-default elementor-section-height-default\" data-id=\"7662bdb\" data-element_type=\"section\" data-e-type=\"section\">\n\t\t\t\t\t\t<div class=\"elementor-container elementor-column-gap-default\">\n\t\t\t\t\t<div class=\"elementor-column elementor-col-100 elementor-top-column elementor-element elementor-element-65c2b1b\" data-id=\"65c2b1b\" data-element_type=\"column\" data-e-type=\"column\">\n\t\t\t<div class=\"elementor-widget-wrap elementor-element-populated\">\n\t\t\t\t\t\t<div class=\"elementor-element elementor-element-efe45f2 elementor-widget__width-initial elementor-widget elementor-widget-text-editor\" data-id=\"efe45f2\" data-element_type=\"widget\" data-e-type=\"widget\" data-widget_type=\"text-editor.default\">\n\t\t\t\t<div class=\"elementor-widget-container\">\n\t\t\t\t\t\t\t\t\t<h3 style=\"text-align: left;\"><span style=\"color: #003366;\">LA IDEA&#8230;.<\/span><\/h3><h5 style=\"text-align: left;\"><strong><em><span style=\"color: #003366;\">Todos tenemos en casa alguna prenda del Colegio (uniforme, ch\u00e1ndal, bata) que nuestros hijos no van a utilizar m\u00e1s.<\/span><\/em><\/strong><\/h5><h5 style=\"text-align: left;\"><strong><em><span style=\"color: #003366;\">Con el triple objetivo de fomentar la idea de reciclaje, ayudar a las econom\u00edas familiares y ademas colaborar con el fondo de becas del Colegio, desde la Apyma, con el apoyo y colaboraci\u00f3n del Colegio, ya hace a\u00f1os\u00a0 pusimos en marcha una iniciativa que permite aprovechar esa ropa en beneficio de todos: el OUTLET DE JESUITAS.<\/span><\/em><\/strong><\/h5>\t\t\t\t\t\t\t\t<\/div>\n\t\t\t\t<\/div>\n\t\t\t\t\t<\/div>\n\t\t<\/div>\n\t\t\t\t\t<\/div>\n\t\t<\/section>\n\t\t\t\t<section class=\"elementor-section elementor-top-section elementor-element elementor-element-70e0af5 elementor-section-boxed elementor-section-height-default elementor-section-height-default\" data-id=\"70e0af5\" data-element_type=\"section\" data-e-type=\"section\">\n\t\t\t\t\t\t<div class=\"elementor-container elementor-column-gap-default\">\n\t\t\t\t\t<div class=\"elementor-column elementor-col-33 elementor-top-column elementor-element elementor-element-2ac06ff\" data-id=\"2ac06ff\" data-element_type=\"column\" data-e-type=\"column\">\n\t\t\t<div class=\"elementor-widget-wrap elementor-element-populated\">\n\t\t\t\t\t\t<div class=\"elementor-element elementor-element-3c84af6 elementor-widget elementor-widget-image\" data-id=\"3c84af6\" data-element_type=\"widget\" data-e-type=\"widget\" data-widget_type=\"image.default\">\n\t\t\t\t<div class=\"elementor-widget-container\">\n\t\t\t\t\t\t\t\t\t\t\t\t\t\t\t<img fetchpriority=\"high\" decoding=\"async\" width=\"432\" height=\"327\" src=\"https:\/\/apymajesuitaspamplona.com\/wp-content\/uploads\/2023\/09\/OTULET3.jpg\" class=\"attachment-large size-large wp-image-2078\" alt=\"\" srcset=\"https:\/\/apymajesuitaspamplona.com\/wp-content\/uploads\/2023\/09\/OTULET3.jpg 432w, https:\/\/apymajesuitaspamplona.com\/wp-content\/uploads\/2023\/09\/OTULET3-300x227.jpg 300w\" sizes=\"(max-width: 432px) 100vw, 432px\" \/>\t\t\t\t\t\t\t\t\t\t\t\t\t\t\t<\/div>\n\t\t\t\t<\/div>\n\t\t\t\t\t<\/div>\n\t\t<\/div>\n\t\t\t\t<div class=\"elementor-column elementor-col-33 elementor-top-column elementor-element elementor-element-383998d\" data-id=\"383998d\" data-element_type=\"column\" data-e-type=\"column\">\n\t\t\t<div class=\"elementor-widget-wrap elementor-element-populated\">\n\t\t\t\t\t\t<div class=\"elementor-element elementor-element-32a4070 elementor-widget elementor-widget-image\" data-id=\"32a4070\" data-element_type=\"widget\" data-e-type=\"widget\" data-widget_type=\"image.default\">\n\t\t\t\t<div class=\"elementor-widget-container\">\n\t\t\t\t\t\t\t\t\t\t\t\t\t\t\t<img decoding=\"async\" width=\"405\" height=\"308\" src=\"https:\/\/apymajesuitaspamplona.com\/wp-content\/uploads\/2023\/09\/OUTLET4.jpg\" class=\"attachment-large size-large wp-image-2080\" alt=\"\" srcset=\"https:\/\/apymajesuitaspamplona.com\/wp-content\/uploads\/2023\/09\/OUTLET4.jpg 405w, https:\/\/apymajesuitaspamplona.com\/wp-content\/uploads\/2023\/09\/OUTLET4-300x228.jpg 300w\" sizes=\"(max-width: 405px) 100vw, 405px\" \/>\t\t\t\t\t\t\t\t\t\t\t\t\t\t\t<\/div>\n\t\t\t\t<\/div>\n\t\t\t\t\t<\/div>\n\t\t<\/div>\n\t\t\t\t<div class=\"elementor-column elementor-col-33 elementor-top-column elementor-element elementor-element-7e7ba5c\" data-id=\"7e7ba5c\" data-element_type=\"column\" data-e-type=\"column\">\n\t\t\t<div class=\"elementor-widget-wrap elementor-element-populated\">\n\t\t\t\t\t\t<div class=\"elementor-element elementor-element-82759f6 elementor-widget elementor-widget-image\" data-id=\"82759f6\" data-element_type=\"widget\" data-e-type=\"widget\" data-widget_type=\"image.default\">\n\t\t\t\t<div class=\"elementor-widget-container\">\n\t\t\t\t\t\t\t\t\t\t\t\t\t\t\t<img decoding=\"async\" width=\"417\" height=\"297\" src=\"https:\/\/apymajesuitaspamplona.com\/wp-content\/uploads\/2023\/09\/OTULET2.jpg\" class=\"attachment-large size-large wp-image-2077\" alt=\"\" srcset=\"https:\/\/apymajesuitaspamplona.com\/wp-content\/uploads\/2023\/09\/OTULET2.jpg 417w, https:\/\/apymajesuitaspamplona.com\/wp-content\/uploads\/2023\/09\/OTULET2-300x214.jpg 300w, https:\/\/apymajesuitaspamplona.com\/wp-content\/uploads\/2023\/09\/OTULET2-260x185.jpg 260w\" sizes=\"(max-width: 417px) 100vw, 417px\" \/>\t\t\t\t\t\t\t\t\t\t\t\t\t\t\t<\/div>\n\t\t\t\t<\/div>\n\t\t\t\t\t<\/div>\n\t\t<\/div>\n\t\t\t\t\t<\/div>\n\t\t<\/section>\n\t\t\t\t<section class=\"elementor-section elementor-top-section elementor-element elementor-element-8d25066 elementor-section-boxed elementor-section-height-default elementor-section-height-default\" data-id=\"8d25066\" data-element_type=\"section\" data-e-type=\"section\">\n\t\t\t\t\t\t<div class=\"elementor-container elementor-column-gap-default\">\n\t\t\t\t\t<div class=\"elementor-column elementor-col-50 elementor-top-column elementor-element elementor-element-3b9629e\" data-id=\"3b9629e\" data-element_type=\"column\" data-e-type=\"column\">\n\t\t\t<div class=\"elementor-widget-wrap elementor-element-populated\">\n\t\t\t\t\t\t<div class=\"elementor-element elementor-element-e2299c6 elementor-widget elementor-widget-text-editor\" data-id=\"e2299c6\" data-element_type=\"widget\" data-e-type=\"widget\" data-widget_type=\"text-editor.default\">\n\t\t\t\t<div class=\"elementor-widget-container\">\n\t\t\t\t\t\t\t\t\t<h4>QU\u00c9 RECOGEMOS<\/h4><ul><li><h4><strong>Faldas y pantalones de uniforme, <\/strong><\/h4><h4><strong>Chaquetas y jerseys, <\/strong><\/h4><h4><strong>Ch\u00e1ndal, camiseta deportiva y pantalonetas del Colegio.<\/strong><\/h4><h4><strong>Batas de clase y comedor Infantil.<\/strong><\/h4><h4><strong>Ropa blanca: polos, camisetas, trajes de pastorcillos\/as.<\/strong><\/h4><p>No es necesario quitar bordados ni cintas, si, la ropa lavada y en el mejor estado posible.<\/p><\/li><\/ul>\t\t\t\t\t\t\t\t<\/div>\n\t\t\t\t<\/div>\n\t\t\t\t\t<\/div>\n\t\t<\/div>\n\t\t\t\t<div class=\"elementor-column elementor-col-50 elementor-top-column elementor-element elementor-element-e2c61cf\" data-id=\"e2c61cf\" data-element_type=\"column\" data-e-type=\"column\">\n\t\t\t<div class=\"elementor-widget-wrap elementor-element-populated\">\n\t\t\t\t\t\t<div class=\"elementor-element elementor-element-8474ced elementor-widget elementor-widget-text-editor\" data-id=\"8474ced\" data-element_type=\"widget\" data-e-type=\"widget\" data-widget_type=\"text-editor.default\">\n\t\t\t\t<div class=\"elementor-widget-container\">\n\t\t\t\t\t\t\t\t\t<h2>\u00a0<\/h2><h2 style=\"text-align: center;\">HORARIOS CURSO 2025-26<br \/>JUEVES, DE 17:00 A 18:00 HORAS<br \/>DE OCTUBRE A MAYO<\/h2><h5 style=\"text-align: center;\"><a href=\"mailto:outletjesuitas@apymajesuitaspamplona.com\">outletjesuitas@apymajesuitaspamplona.com<\/a><\/h5>\t\t\t\t\t\t\t\t<\/div>\n\t\t\t\t<\/div>\n\t\t\t\t\t<\/div>\n\t\t<\/div>\n\t\t\t\t\t<\/div>\n\t\t<\/section>\n\t\t\t\t<section class=\"elementor-section elementor-top-section elementor-element elementor-element-f38d7ba elementor-section-boxed elementor-section-height-default elementor-section-height-default\" data-id=\"f38d7ba\" data-element_type=\"section\" data-e-type=\"section\">\n\t\t\t\t\t\t<div class=\"elementor-container elementor-column-gap-default\">\n\t\t\t\t\t<div class=\"elementor-column elementor-col-100 elementor-top-column elementor-element elementor-element-73ea5e6\" data-id=\"73ea5e6\" data-element_type=\"column\" data-e-type=\"column\">\n\t\t\t<div class=\"elementor-widget-wrap elementor-element-populated\">\n\t\t\t\t\t\t<div class=\"elementor-element elementor-element-da63b5d elementor-widget-divider--separator-type-pattern elementor-widget-divider--no-spacing elementor-widget-divider--view-line elementor-widget elementor-widget-divider\" data-id=\"da63b5d\" data-element_type=\"widget\" data-e-type=\"widget\" data-widget_type=\"divider.default\">\n\t\t\t\t<div class=\"elementor-widget-container\">\n\t\t\t\t\t\t\t<div class=\"elementor-divider\" style=\"--divider-pattern-url: url(&quot;data:image\/svg+xml,%3Csvg xmlns=&#039;http:\/\/www.w3.org\/2000\/svg&#039; preserveAspectRatio=&#039;xMidYMid meet&#039; overflow=&#039;visible&#039; height=&#039;100%&#039; viewBox=&#039;0 0 126 26&#039; fill=&#039;black&#039; stroke=&#039;none&#039;%3E%3Cpath d=&#039;M3,10.2c2.6,0,2.6,2,2.6,3.2S4.4,16.5,3,16.5s-3-1.4-3-3.2S0.4,10.2,3,10.2z M18.8,10.2c1.7,0,3.2,1.4,3.2,3.2s-1.4,3.2-3.2,3.2c-1.7,0-3.2-1.4-3.2-3.2S17,10.2,18.8,10.2z M34.6,10.2c1.5,0,2.6,1.4,2.6,3.2s-0.5,3.2-1.9,3.2c-1.5,0-3.4-1.4-3.4-3.2S33.1,10.2,34.6,10.2z M50.5,10.2c1.7,0,3.2,1.4,3.2,3.2s-1.4,3.2-3.2,3.2c-1.7,0-3.3-0.9-3.3-2.6S48.7,10.2,50.5,10.2z M66.2,10.2c1.5,0,3.4,1.4,3.4,3.2s-1.9,3.2-3.4,3.2c-1.5,0-2.6-0.4-2.6-2.1S64.8,10.2,66.2,10.2z M82.2,10.2c1.7,0.8,2.6,1.4,2.6,3.2s-0.1,3.2-1.6,3.2c-1.5,0-3.7-1.4-3.7-3.2S80.5,9.4,82.2,10.2zM98.6,10.2c1.5,0,2.6,0.4,2.6,2.1s-1.2,4.2-2.6,4.2c-1.5,0-3.7-0.4-3.7-2.1S97.1,10.2,98.6,10.2z M113.4,10.2c1.2,0,2.2,0.9,2.2,3.2s-0.1,3.2-1.3,3.2s-3.1-1.4-3.1-3.2S112.2,10.2,113.4,10.2z&#039;\/%3E%3C\/svg%3E&quot;);\">\n\t\t\t<span class=\"elementor-divider-separator\">\n\t\t\t\t\t\t<\/span>\n\t\t<\/div>\n\t\t\t\t\t\t<\/div>\n\t\t\t\t<\/div>\n\t\t\t\t\t<\/div>\n\t\t<\/div>\n\t\t\t\t\t<\/div>\n\t\t<\/section>\n\t\t\t\t<section class=\"elementor-section elementor-top-section elementor-element elementor-element-e1e8d8f elementor-section-boxed elementor-section-height-default elementor-section-height-default\" data-id=\"e1e8d8f\" data-element_type=\"section\" data-e-type=\"section\">\n\t\t\t\t\t\t<div class=\"elementor-container elementor-column-gap-default\">\n\t\t\t\t\t<div class=\"elementor-column elementor-col-100 elementor-top-column elementor-element elementor-element-dd6dcfc\" data-id=\"dd6dcfc\" data-element_type=\"column\" data-e-type=\"column\">\n\t\t\t<div class=\"elementor-widget-wrap elementor-element-populated\">\n\t\t\t\t\t\t<div class=\"elementor-element elementor-element-27fb1d2 elementor-widget elementor-widget-image\" data-id=\"27fb1d2\" data-element_type=\"widget\" data-e-type=\"widget\" data-widget_type=\"image.default\">\n\t\t\t\t<div class=\"elementor-widget-container\">\n\t\t\t\t\t\t\t\t\t\t\t\t<figure class=\"wp-caption\">\n\t\t\t\t\t\t\t\t\t\t<img loading=\"lazy\" decoding=\"async\" width=\"266\" height=\"255\" src=\"https:\/\/apymajesuitaspamplona.com\/wp-content\/uploads\/2025\/10\/Outlet.png\" class=\"attachment-full size-full wp-image-2545\" alt=\"\" srcset=\"https:\/\/apymajesuitaspamplona.com\/wp-content\/uploads\/2025\/10\/Outlet.png 266w, https:\/\/apymajesuitaspamplona.com\/wp-content\/uploads\/2025\/10\/Outlet-36x36.png 36w\" sizes=\"(max-width: 266px) 100vw, 266px\" \/>\t\t\t\t\t\t\t\t\t\t\t<figcaption class=\"widget-image-caption wp-caption-text\"><\/figcaption>\n\t\t\t\t\t\t\t\t\t\t<\/figure>\n\t\t\t\t\t\t\t\t\t<\/div>\n\t\t\t\t<\/div>\n\t\t\t\t\t<\/div>\n\t\t<\/div>\n\t\t\t\t\t<\/div>\n\t\t<\/section>\n\t\t\t\t<\/div>\n\t\t","protected":false},"excerpt":{"rendered":"<p>NUESTRO OUTLET LA IDEA&#8230;. Todos tenemos en casa alguna prenda del Colegio (uniforme, ch\u00e1ndal, bata) que nuestros hijos no van a utilizar m\u00e1s. Con el triple objetivo de fomentar la idea de reciclaje, ayudar a las econom\u00edas familiares y ademas colaborar con el fondo de becas del Colegio, desde la Apyma, con el apoyo y [&hellip;]<\/p>\n","protected":false},"author":1,"featured_media":0,"parent":0,"menu_order":0,"comment_status":"closed","ping_status":"closed","template":"","meta":{"footnotes":""},"class_list":["post-51","page","type-page","status-publish","hentry"],"_links":{"self":[{"href":"https:\/\/apymajesuitaspamplona.com\/index.php?rest_route=\/wp\/v2\/pages\/51","targetHints":{"allow":["GET"]}}],"collection":[{"href":"https:\/\/apymajesuitaspamplona.com\/index.php?rest_route=\/wp\/v2\/pages"}],"about":[{"href":"https:\/\/apymajesuitaspamplona.com\/index.php?rest_route=\/wp\/v2\/types\/page"}],"author":[{"embeddable":true,"href":"https:\/\/apymajesuitaspamplona.com\/index.php?rest_route=\/wp\/v2\/users\/1"}],"replies":[{"embeddable":true,"href":"https:\/\/apymajesuitaspamplona.com\/index.php?rest_route=%2Fwp%2Fv2%2Fcomments&post=51"}],"version-history":[{"count":138,"href":"https:\/\/apymajesuitaspamplona.com\/index.php?rest_route=\/wp\/v2\/pages\/51\/revisions"}],"predecessor-version":[{"id":2608,"href":"https:\/\/apymajesuitaspamplona.com\/index.php?rest_route=\/wp\/v2\/pages\/51\/revisions\/2608"}],"wp:attachment":[{"href":"https:\/\/apymajesuitaspamplona.com\/index.php?rest_route=%2Fwp%2Fv2%2Fmedia&parent=51"}],"curies":[{"name":"wp","href":"https:\/\/api.w.org\/{rel}","templated":true}]}}