{"id":389,"date":"2021-11-20T15:29:09","date_gmt":"2021-11-20T15:29:09","guid":{"rendered":"http:\/\/s448133046.mialojamiento.es\/?page_id=389"},"modified":"2025-11-25T11:26:50","modified_gmt":"2025-11-25T10:26:50","slug":"comisiones-2","status":"publish","type":"page","link":"https:\/\/apymajesuitaspamplona.com\/?page_id=389","title":{"rendered":"COMISIONES"},"content":{"rendered":"\t\t<div data-elementor-type=\"wp-page\" data-elementor-id=\"389\" class=\"elementor elementor-389\">\n\t\t\t\t\t\t<section class=\"elementor-section elementor-top-section elementor-element elementor-element-ba1eb49 elementor-section-boxed elementor-section-height-default elementor-section-height-default\" data-id=\"ba1eb49\" data-element_type=\"section\" data-e-type=\"section\">\n\t\t\t\t\t\t<div class=\"elementor-container elementor-column-gap-default\">\n\t\t\t\t\t<div class=\"elementor-column elementor-col-50 elementor-top-column elementor-element elementor-element-975c9f9\" data-id=\"975c9f9\" data-element_type=\"column\" data-e-type=\"column\">\n\t\t\t<div class=\"elementor-widget-wrap elementor-element-populated\">\n\t\t\t\t\t\t<div class=\"elementor-element elementor-element-a28dfe2 elementor-widget elementor-widget-image\" data-id=\"a28dfe2\" data-element_type=\"widget\" data-e-type=\"widget\" data-widget_type=\"image.default\">\n\t\t\t\t<div class=\"elementor-widget-container\">\n\t\t\t\t\t\t\t\t\t\t\t\t\t\t\t<img fetchpriority=\"high\" decoding=\"async\" width=\"300\" height=\"196\" src=\"https:\/\/apymajesuitaspamplona.com\/wp-content\/uploads\/2021\/11\/ASOCIACION2-300x196.jpg\" class=\"attachment-medium size-medium wp-image-319\" alt=\"\" srcset=\"https:\/\/apymajesuitaspamplona.com\/wp-content\/uploads\/2021\/11\/ASOCIACION2-300x196.jpg 300w, https:\/\/apymajesuitaspamplona.com\/wp-content\/uploads\/2021\/11\/ASOCIACION2.jpg 452w\" sizes=\"(max-width: 300px) 100vw, 300px\" \/>\t\t\t\t\t\t\t\t\t\t\t\t\t\t\t<\/div>\n\t\t\t\t<\/div>\n\t\t\t\t\t<\/div>\n\t\t<\/div>\n\t\t\t\t<div class=\"elementor-column elementor-col-50 elementor-top-column elementor-element elementor-element-24351c1\" data-id=\"24351c1\" data-element_type=\"column\" data-e-type=\"column\">\n\t\t\t<div class=\"elementor-widget-wrap elementor-element-populated\">\n\t\t\t\t\t\t<div class=\"elementor-element elementor-element-b5449ba elementor-widget elementor-widget-text-editor\" data-id=\"b5449ba\" data-element_type=\"widget\" data-e-type=\"widget\" data-widget_type=\"text-editor.default\">\n\t\t\t\t<div class=\"elementor-widget-container\">\n\t\t\t\t\t\t\t\t\t<p>La junta directiva de la asociaci\u00f3n est\u00e1 compuesta por 24 miembros. Es un n\u00famero lo suficientemente grande como para que no sea operativo trabajar en com\u00fan sobre todos los asuntos; por ello se han establecido varias comisiones de trabajo que permiten un funcionamiento \u00e1gil.<\/p><p>Las comisiones se re\u00fanen con sus equivalentes en la estructura del Colegio, con lo que la respuesta de \u00e9ste es relativamente r\u00e1pida. Todas las comisiones informan a la junta sobre sus tareas, de modo que todos sus miembros est\u00e9n al cabo de los progresos realizados.<\/p>\t\t\t\t\t\t\t\t<\/div>\n\t\t\t\t<\/div>\n\t\t\t\t\t<\/div>\n\t\t<\/div>\n\t\t\t\t\t<\/div>\n\t\t<\/section>\n\t\t\t\t<section class=\"elementor-section elementor-top-section elementor-element elementor-element-6aff56c elementor-section-boxed elementor-section-height-default elementor-section-height-default\" data-id=\"6aff56c\" data-element_type=\"section\" data-e-type=\"section\">\n\t\t\t\t\t\t<div class=\"elementor-container elementor-column-gap-default\">\n\t\t\t\t\t<div class=\"elementor-column elementor-col-50 elementor-top-column elementor-element elementor-element-fc95040\" data-id=\"fc95040\" data-element_type=\"column\" data-e-type=\"column\">\n\t\t\t<div class=\"elementor-widget-wrap elementor-element-populated\">\n\t\t\t\t\t\t<div class=\"elementor-element elementor-element-055d9dc elementor-widget elementor-widget-text-editor\" data-id=\"055d9dc\" data-element_type=\"widget\" data-e-type=\"widget\" data-widget_type=\"text-editor.default\">\n\t\t\t\t<div class=\"elementor-widget-container\">\n\t\t\t\t\t\t\t\t\t<p>Las comisiones existentes actualmente son:<\/p>\t\t\t\t\t\t\t\t<\/div>\n\t\t\t\t<\/div>\n\t\t\t\t<div class=\"elementor-element elementor-element-5f67910 elementor-icon-list--layout-inline elementor-list-item-link-full_width elementor-widget elementor-widget-icon-list\" data-id=\"5f67910\" data-element_type=\"widget\" data-e-type=\"widget\" data-widget_type=\"icon-list.default\">\n\t\t\t\t<div class=\"elementor-widget-container\">\n\t\t\t\t\t\t\t<ul class=\"elementor-icon-list-items elementor-inline-items\">\n\t\t\t\t\t\t\t<li class=\"elementor-icon-list-item elementor-inline-item\">\n\t\t\t\t\t\t\t\t\t\t\t<span class=\"elementor-icon-list-icon\">\n\t\t\t\t\t\t\t<i aria-hidden=\"true\" class=\"fas fa-people-arrows\"><\/i>\t\t\t\t\t\t<\/span>\n\t\t\t\t\t\t\t\t\t\t<span class=\"elementor-icon-list-text\">Permanente<\/span>\n\t\t\t\t\t\t\t\t\t<\/li>\n\t\t\t\t\t\t\t\t<li class=\"elementor-icon-list-item elementor-inline-item\">\n\t\t\t\t\t\t\t\t\t\t\t<span class=\"elementor-icon-list-icon\">\n\t\t\t\t\t\t\t<i aria-hidden=\"true\" class=\"fas fa-euro-sign\"><\/i>\t\t\t\t\t\t<\/span>\n\t\t\t\t\t\t\t\t\t\t<span class=\"elementor-icon-list-text\">Econ\u00f3mica<\/span>\n\t\t\t\t\t\t\t\t\t<\/li>\n\t\t\t\t\t\t\t\t<li class=\"elementor-icon-list-item elementor-inline-item\">\n\t\t\t\t\t\t\t\t\t\t\t<span class=\"elementor-icon-list-icon\">\n\t\t\t\t\t\t\t<i aria-hidden=\"true\" class=\"fas fa-book-reader\"><\/i>\t\t\t\t\t\t<\/span>\n\t\t\t\t\t\t\t\t\t\t<span class=\"elementor-icon-list-text\">Estudios<\/span>\n\t\t\t\t\t\t\t\t\t<\/li>\n\t\t\t\t\t\t\t\t<li class=\"elementor-icon-list-item elementor-inline-item\">\n\t\t\t\t\t\t\t\t\t\t\t<span class=\"elementor-icon-list-icon\">\n\t\t\t\t\t\t\t<i aria-hidden=\"true\" class=\"fas fa-baseball-ball\"><\/i>\t\t\t\t\t\t<\/span>\n\t\t\t\t\t\t\t\t\t\t<span class=\"elementor-icon-list-text\">Paraescolares<\/span>\n\t\t\t\t\t\t\t\t\t<\/li>\n\t\t\t\t\t\t\t\t<li class=\"elementor-icon-list-item elementor-inline-item\">\n\t\t\t\t\t\t\t\t\t\t\t<span class=\"elementor-icon-list-icon\">\n\t\t\t\t\t\t\t<i aria-hidden=\"true\" class=\"fas fa-school\"><\/i>\t\t\t\t\t\t<\/span>\n\t\t\t\t\t\t\t\t\t\t<span class=\"elementor-icon-list-text\">Instalaciones<\/span>\n\t\t\t\t\t\t\t\t\t<\/li>\n\t\t\t\t\t\t\t\t<li class=\"elementor-icon-list-item elementor-inline-item\">\n\t\t\t\t\t\t\t\t\t\t\t<span class=\"elementor-icon-list-icon\">\n\t\t\t\t\t\t\t<i aria-hidden=\"true\" class=\"fas fa-church\"><\/i>\t\t\t\t\t\t<\/span>\n\t\t\t\t\t\t\t\t\t\t<span class=\"elementor-icon-list-text\">Pastoral<\/span>\n\t\t\t\t\t\t\t\t\t<\/li>\n\t\t\t\t\t\t\t\t<li class=\"elementor-icon-list-item elementor-inline-item\">\n\t\t\t\t\t\t\t\t\t\t\t<span class=\"elementor-icon-list-icon\">\n\t\t\t\t\t\t\t<i aria-hidden=\"true\" class=\"fas fa-hand-holding-heart\"><\/i>\t\t\t\t\t\t<\/span>\n\t\t\t\t\t\t\t\t\t\t<span class=\"elementor-icon-list-text\">Solidaridad<\/span>\n\t\t\t\t\t\t\t\t\t<\/li>\n\t\t\t\t\t\t\t\t<li class=\"elementor-icon-list-item elementor-inline-item\">\n\t\t\t\t\t\t\t\t\t\t\t<span class=\"elementor-icon-list-icon\">\n\t\t\t\t\t\t\t<i aria-hidden=\"true\" class=\"fas fa-chalkboard-teacher\"><\/i>\t\t\t\t\t\t<\/span>\n\t\t\t\t\t\t\t\t\t\t<span class=\"elementor-icon-list-text\">Escuela de padres<\/span>\n\t\t\t\t\t\t\t\t\t<\/li>\n\t\t\t\t\t\t\t\t<li class=\"elementor-icon-list-item elementor-inline-item\">\n\t\t\t\t\t\t\t\t\t\t\t<span class=\"elementor-icon-list-icon\">\n\t\t\t\t\t\t\t<i aria-hidden=\"true\" class=\"far fa-comments\"><\/i>\t\t\t\t\t\t<\/span>\n\t\t\t\t\t\t\t\t\t\t<span class=\"elementor-icon-list-text\">Comunicaci\u00f3n<\/span>\n\t\t\t\t\t\t\t\t\t<\/li>\n\t\t\t\t\t\t\t\t<li class=\"elementor-icon-list-item elementor-inline-item\">\n\t\t\t\t\t\t\t\t\t\t\t<span class=\"elementor-icon-list-icon\">\n\t\t\t\t\t\t\t<i aria-hidden=\"true\" class=\"fab fa-battle-net\"><\/i>\t\t\t\t\t\t<\/span>\n\t\t\t\t\t\t\t\t\t\t<span class=\"elementor-icon-list-text\">Identity-G<\/span>\n\t\t\t\t\t\t\t\t\t<\/li>\n\t\t\t\t\t\t<\/ul>\n\t\t\t\t\t\t<\/div>\n\t\t\t\t<\/div>\n\t\t\t\t\t<\/div>\n\t\t<\/div>\n\t\t\t\t<div class=\"elementor-column elementor-col-50 elementor-top-column elementor-element elementor-element-239d656\" data-id=\"239d656\" data-element_type=\"column\" data-e-type=\"column\">\n\t\t\t<div class=\"elementor-widget-wrap elementor-element-populated\">\n\t\t\t\t\t\t<div class=\"elementor-element elementor-element-4dec220 elementor-widget elementor-widget-image\" data-id=\"4dec220\" data-element_type=\"widget\" data-e-type=\"widget\" data-widget_type=\"image.default\">\n\t\t\t\t<div class=\"elementor-widget-container\">\n\t\t\t\t\t\t\t\t\t\t\t\t\t\t\t<img decoding=\"async\" width=\"455\" height=\"192\" src=\"https:\/\/apymajesuitaspamplona.com\/wp-content\/uploads\/2021\/11\/APYMA.jpg\" class=\"attachment-large size-large wp-image-316\" alt=\"\" srcset=\"https:\/\/apymajesuitaspamplona.com\/wp-content\/uploads\/2021\/11\/APYMA.jpg 455w, https:\/\/apymajesuitaspamplona.com\/wp-content\/uploads\/2021\/11\/APYMA-300x127.jpg 300w\" sizes=\"(max-width: 455px) 100vw, 455px\" \/>\t\t\t\t\t\t\t\t\t\t\t\t\t\t\t<\/div>\n\t\t\t\t<\/div>\n\t\t\t\t\t<\/div>\n\t\t<\/div>\n\t\t\t\t\t<\/div>\n\t\t<\/section>\n\t\t\t\t<section class=\"elementor-section elementor-top-section elementor-element elementor-element-97749e7 elementor-section-boxed elementor-section-height-default elementor-section-height-default\" data-id=\"97749e7\" data-element_type=\"section\" data-e-type=\"section\">\n\t\t\t\t\t\t<div class=\"elementor-container elementor-column-gap-default\">\n\t\t\t\t\t<div class=\"elementor-column elementor-col-100 elementor-top-column elementor-element elementor-element-d34aeb8\" data-id=\"d34aeb8\" data-element_type=\"column\" data-e-type=\"column\">\n\t\t\t<div class=\"elementor-widget-wrap elementor-element-populated\">\n\t\t\t\t\t\t<div class=\"elementor-element elementor-element-7590c46 elementor-widget elementor-widget-heading\" data-id=\"7590c46\" data-element_type=\"widget\" data-e-type=\"widget\" data-widget_type=\"heading.default\">\n\t\t\t\t<div class=\"elementor-widget-container\">\n\t\t\t\t\t<h2 class=\"elementor-heading-title elementor-size-default\">A qu\u00e9 se dedica cada comisi\u00f3n<\/h2>\t\t\t\t<\/div>\n\t\t\t\t<\/div>\n\t\t\t\t\t<\/div>\n\t\t<\/div>\n\t\t\t\t\t<\/div>\n\t\t<\/section>\n\t\t\t\t<section class=\"elementor-section elementor-top-section elementor-element elementor-element-6cc425d elementor-section-boxed elementor-section-height-default elementor-section-height-default\" data-id=\"6cc425d\" data-element_type=\"section\" data-e-type=\"section\">\n\t\t\t\t\t\t<div class=\"elementor-container elementor-column-gap-default\">\n\t\t\t\t\t<div class=\"elementor-column elementor-col-100 elementor-top-column elementor-element elementor-element-dfff778\" data-id=\"dfff778\" data-element_type=\"column\" data-e-type=\"column\">\n\t\t\t<div class=\"elementor-widget-wrap elementor-element-populated\">\n\t\t\t\t\t\t<div class=\"elementor-element elementor-element-4aa3f3f elementor-tabs-view-vertical elementor-widget elementor-widget-tabs\" data-id=\"4aa3f3f\" data-element_type=\"widget\" data-e-type=\"widget\" data-widget_type=\"tabs.default\">\n\t\t\t\t<div class=\"elementor-widget-container\">\n\t\t\t\t\t\t\t<div class=\"elementor-tabs\">\n\t\t\t<div class=\"elementor-tabs-wrapper\" role=\"tablist\" >\n\t\t\t\t\t\t\t\t\t<div id=\"elementor-tab-title-7821\" class=\"elementor-tab-title elementor-tab-desktop-title\" aria-selected=\"true\" data-tab=\"1\" role=\"tab\" tabindex=\"0\" aria-controls=\"elementor-tab-content-7821\" aria-expanded=\"false\">Permanente<\/div>\n\t\t\t\t\t\t\t\t\t<div id=\"elementor-tab-title-7822\" class=\"elementor-tab-title elementor-tab-desktop-title\" aria-selected=\"false\" data-tab=\"2\" role=\"tab\" tabindex=\"-1\" aria-controls=\"elementor-tab-content-7822\" aria-expanded=\"false\">Econ\u00f3mica<\/div>\n\t\t\t\t\t\t\t\t\t<div id=\"elementor-tab-title-7823\" class=\"elementor-tab-title elementor-tab-desktop-title\" aria-selected=\"false\" data-tab=\"3\" role=\"tab\" tabindex=\"-1\" aria-controls=\"elementor-tab-content-7823\" aria-expanded=\"false\">Estudios<\/div>\n\t\t\t\t\t\t\t\t\t<div id=\"elementor-tab-title-7824\" class=\"elementor-tab-title elementor-tab-desktop-title\" aria-selected=\"false\" data-tab=\"4\" role=\"tab\" tabindex=\"-1\" aria-controls=\"elementor-tab-content-7824\" aria-expanded=\"false\">Infraestructura + Paraescolares<\/div>\n\t\t\t\t\t\t\t\t\t<div id=\"elementor-tab-title-7825\" class=\"elementor-tab-title elementor-tab-desktop-title\" aria-selected=\"false\" data-tab=\"5\" role=\"tab\" tabindex=\"-1\" aria-controls=\"elementor-tab-content-7825\" aria-expanded=\"false\">Outlet<\/div>\n\t\t\t\t\t\t\t\t\t<div id=\"elementor-tab-title-7826\" class=\"elementor-tab-title elementor-tab-desktop-title\" aria-selected=\"false\" data-tab=\"6\" role=\"tab\" tabindex=\"-1\" aria-controls=\"elementor-tab-content-7826\" aria-expanded=\"false\">Pastoral<\/div>\n\t\t\t\t\t\t\t\t\t<div id=\"elementor-tab-title-7827\" class=\"elementor-tab-title elementor-tab-desktop-title\" aria-selected=\"false\" data-tab=\"7\" role=\"tab\" tabindex=\"-1\" aria-controls=\"elementor-tab-content-7827\" aria-expanded=\"false\">Solidaridad<\/div>\n\t\t\t\t\t\t\t\t\t<div id=\"elementor-tab-title-7828\" class=\"elementor-tab-title elementor-tab-desktop-title\" aria-selected=\"false\" data-tab=\"8\" role=\"tab\" tabindex=\"-1\" aria-controls=\"elementor-tab-content-7828\" aria-expanded=\"false\">Escuela Padres<\/div>\n\t\t\t\t\t\t\t\t\t<div id=\"elementor-tab-title-7829\" class=\"elementor-tab-title elementor-tab-desktop-title\" aria-selected=\"false\" data-tab=\"9\" role=\"tab\" tabindex=\"-1\" aria-controls=\"elementor-tab-content-7829\" aria-expanded=\"false\">Comunicaci\u00f3n<\/div>\n\t\t\t\t\t\t\t\t\t<div id=\"elementor-tab-title-78210\" class=\"elementor-tab-title elementor-tab-desktop-title\" aria-selected=\"false\" data-tab=\"10\" role=\"tab\" tabindex=\"-1\" aria-controls=\"elementor-tab-content-78210\" aria-expanded=\"false\">Identity-G<\/div>\n\t\t\t\t\t\t\t<\/div>\n\t\t\t<div class=\"elementor-tabs-content-wrapper\" role=\"tablist\" aria-orientation=\"vertical\">\n\t\t\t\t\t\t\t\t\t<div class=\"elementor-tab-title elementor-tab-mobile-title\" aria-selected=\"true\" data-tab=\"1\" role=\"tab\" tabindex=\"0\" aria-controls=\"elementor-tab-content-7821\" aria-expanded=\"false\">Permanente<\/div>\n\t\t\t\t\t<div id=\"elementor-tab-content-7821\" class=\"elementor-tab-content elementor-clearfix\" data-tab=\"1\" role=\"tabpanel\" aria-labelledby=\"elementor-tab-title-7821\" tabindex=\"0\" hidden=\"false\"><p>La comisi\u00f3n permanente lleva a cabo el trabajo diario de gesti\u00f3n y aquellas tareas que por su inmediatez no pueden ser encargadas a ninguna de las dem\u00e1s comisiones.<\/p><p>Los integrantes de esta comisi\u00f3n durante el curso 2025-26 son:<\/p><ul><li>Beatriz Ans\u00f3<\/li><li>Helena Areta<\/li><li>Beatriz Sesma<\/li><li>Javier Remirez de Esparza (secretario)<\/li><\/ul><\/div>\n\t\t\t\t\t\t\t\t\t<div class=\"elementor-tab-title elementor-tab-mobile-title\" aria-selected=\"false\" data-tab=\"2\" role=\"tab\" tabindex=\"-1\" aria-controls=\"elementor-tab-content-7822\" aria-expanded=\"false\">Econ\u00f3mica<\/div>\n\t\t\t\t\t<div id=\"elementor-tab-content-7822\" class=\"elementor-tab-content elementor-clearfix\" data-tab=\"2\" role=\"tabpanel\" aria-labelledby=\"elementor-tab-title-7822\" tabindex=\"0\" hidden=\"hidden\"><p>El objetivo de esta\u00a0<b>comisi\u00f3n<\/b>\u00a0es el seguimiento de las actividades\u00a0<b>econ\u00f3micas<\/b>\u00a0de la\u00a0<b>Asociaci\u00f3n.<\/b>\u00a0En concreto sus <b>funciones<\/b> son: Llevar y presentar la contabilidad de la APYMA.\u00a0<\/p><p>Correo electr\u00f3nico: apyma@apymajesuitaspamplona.com<\/p><\/div>\n\t\t\t\t\t\t\t\t\t<div class=\"elementor-tab-title elementor-tab-mobile-title\" aria-selected=\"false\" data-tab=\"3\" role=\"tab\" tabindex=\"-1\" aria-controls=\"elementor-tab-content-7823\" aria-expanded=\"false\">Estudios<\/div>\n\t\t\t\t\t<div id=\"elementor-tab-content-7823\" class=\"elementor-tab-content elementor-clearfix\" data-tab=\"3\" role=\"tabpanel\" aria-labelledby=\"elementor-tab-title-7823\" tabindex=\"0\" hidden=\"hidden\"><p>Las funciones de la Comisi\u00f3n de Estudios, son asistir a cualquier miembro de la Asociaci\u00f3n en todo aquello que concierne a la educaci\u00f3n del alumnado, colaborar con la Direcci\u00f3n del Colegio y el profesorado para conseguir el objetivo b\u00e1sico de la educaci\u00f3n integral as\u00ed como en las actividades del Centro.<\/p><p>Los integrantes de esta comisi\u00f3n durante el curso 2025-26 son:<\/p><ul><li>Joana Gutierrez<\/li><li>Moncho Pi\u00f1eiro<\/li><li>Ana Mui\u00f1o<\/li><li>Ana Monreal<\/li><li>Beatriz Ans\u00f3<\/li><li>Gabriela Samaranch<\/li><li>Daniel G\u00f3mez de Segura<\/li><li>Esther Arteaga<\/li><\/ul><div>Correo electr\u00f3nico: estudios@apymajesuitaspamplona.com<\/div><div>\u00a0<\/div><\/div>\n\t\t\t\t\t\t\t\t\t<div class=\"elementor-tab-title elementor-tab-mobile-title\" aria-selected=\"false\" data-tab=\"4\" role=\"tab\" tabindex=\"-1\" aria-controls=\"elementor-tab-content-7824\" aria-expanded=\"false\">Infraestructura + Paraescolares<\/div>\n\t\t\t\t\t<div id=\"elementor-tab-content-7824\" class=\"elementor-tab-content elementor-clearfix\" data-tab=\"4\" role=\"tabpanel\" aria-labelledby=\"elementor-tab-title-7824\" tabindex=\"0\" hidden=\"hidden\"><p>La comisi\u00f3n de paraescolares tiene como tarea el seguimiento junto con el colegio de todos los temas relacionados con el Club Deportivo San Ignacio y el resto de la formaci\u00f3n y actividades paraescolares.<\/p><p>La comisi\u00f3n de infraestructuras centra su trabajo en todos los temas relacionados con los medios materiales, patio, polideportivo y comedor del colegio<\/p><p>Los integrantes de esta comisi\u00f3n durante el curso 2025-26 son:<\/p><ul><li>Moncho Pi\u00f1eiro<\/li><li>Amaya Algarra<\/li><li>Edurne Les<\/li><li>Laura Hern\u00e1ndez<\/li><li>Bego\u00f1a Dominguez<\/li><li>Silvia Del Castillo<\/li><li>Elena Urtasun<\/li><li>Olga Mu\u00f1oz<\/li><li>Daniel G\u00f3mez de Segura<\/li><li>Sofia Bachino<\/li><\/ul><p>Direcci\u00f3n de contacto:\u00a0<a href=\"mailto:clubdeportivo@apymajesuitaspamplona.com\">clubdeportivo@apymajesuitaspamplona.com<\/a>\u00a0\u00a0<a href=\"mailto:paraescolares@apymajesuitaspamplona.com\">paraescolares@apymajesuitaspamplona.com\u00a0<\/a> <a href=\"mailto:instalaciones@apymajesuitaspamplona.com\">instalaciones@apymajesuitaspamplona.com<\/a><\/p><\/div>\n\t\t\t\t\t\t\t\t\t<div class=\"elementor-tab-title elementor-tab-mobile-title\" aria-selected=\"false\" data-tab=\"5\" role=\"tab\" tabindex=\"-1\" aria-controls=\"elementor-tab-content-7825\" aria-expanded=\"false\">Outlet<\/div>\n\t\t\t\t\t<div id=\"elementor-tab-content-7825\" class=\"elementor-tab-content elementor-clearfix\" data-tab=\"5\" role=\"tabpanel\" aria-labelledby=\"elementor-tab-title-7825\" tabindex=\"0\" hidden=\"hidden\"><p>La comisi\u00f3n del Outlet la componen en el curso 2025-26:<\/p><ul><li>Elena Urtasun<\/li><li>Silvia Del Castillo<\/li><li>Olga Mu\u00f1oz<\/li><\/ul><p>Direcci\u00f3n de contacto:\u00a0\u00a0<a href=\"mailto:outletjesuitas@apymajesuitaspamplona.com\">outletjesuitas@apymajesuitaspamplona.com<\/a><\/p><\/div>\n\t\t\t\t\t\t\t\t\t<div class=\"elementor-tab-title elementor-tab-mobile-title\" aria-selected=\"false\" data-tab=\"6\" role=\"tab\" tabindex=\"-1\" aria-controls=\"elementor-tab-content-7826\" aria-expanded=\"false\">Pastoral<\/div>\n\t\t\t\t\t<div id=\"elementor-tab-content-7826\" class=\"elementor-tab-content elementor-clearfix\" data-tab=\"6\" role=\"tabpanel\" aria-labelledby=\"elementor-tab-title-7826\" tabindex=\"0\" hidden=\"hidden\"><p>El objetivo principal de la comisi\u00f3n de pastoral es el trabajo en todo lo que tiene que ver con la formaci\u00f3n pastoral de nuestros hijos en el colegio, as\u00ed como la propia formaci\u00f3n y crecimiento de nosostros como padres.<\/p><p>Los integrantes de esta comisi\u00f3n durante el curso 2025-26 son:<\/p><ul><li>Helena Areta<\/li><li>Valentina Fern\u00e1ndez<\/li><li>Gabriela Samaranch<\/li><li>Beatriz Ans\u00f3<\/li><li>Julissa P\u00e9rez<\/li><\/ul><p>Direcci\u00f3n de contacto:\u00a0\u00a0<a href=\"mailto:pastoral@apymajesuitaspamplona.com\">pastoral@apymajesuitaspamplona.com<\/a><\/p><\/div>\n\t\t\t\t\t\t\t\t\t<div class=\"elementor-tab-title elementor-tab-mobile-title\" aria-selected=\"false\" data-tab=\"7\" role=\"tab\" tabindex=\"-1\" aria-controls=\"elementor-tab-content-7827\" aria-expanded=\"false\">Solidaridad<\/div>\n\t\t\t\t\t<div id=\"elementor-tab-content-7827\" class=\"elementor-tab-content elementor-clearfix\" data-tab=\"7\" role=\"tabpanel\" aria-labelledby=\"elementor-tab-title-7827\" tabindex=\"0\" hidden=\"hidden\"><p>La Comisi\u00f3n de Solidaridad, tiene como objetivo implicarse, junto con el colegio, en todos los temas y eventos relacionados con la solidaridad.<\/p><p>Los integrantes de esta comisi\u00f3n durante el curso 2025-26 son:<\/p><ul><li>Ana Mui\u00f1o<\/li><li>Helena Areta<\/li><li>Sara Ajona<\/li><li>Paula Jimenez<\/li><li>Julissa P\u00e9rez<\/li><\/ul><p>Correo Electr\u00f3nico:\u00a0<a href=\"mailto:apyma@apymajesuitaspamplona.com\">apyma@apymajesuitaspamplona.com<\/a><\/p><\/div>\n\t\t\t\t\t\t\t\t\t<div class=\"elementor-tab-title elementor-tab-mobile-title\" aria-selected=\"false\" data-tab=\"8\" role=\"tab\" tabindex=\"-1\" aria-controls=\"elementor-tab-content-7828\" aria-expanded=\"false\">Escuela Padres<\/div>\n\t\t\t\t\t<div id=\"elementor-tab-content-7828\" class=\"elementor-tab-content elementor-clearfix\" data-tab=\"8\" role=\"tabpanel\" aria-labelledby=\"elementor-tab-title-7828\" tabindex=\"0\" hidden=\"hidden\"><p>El objetivo de la comisi\u00f3n de escuela de padres es dotar a los padres de alumnos de herramientas \u00fatiles en nuestra labor educativa.<\/p><p>Los integrantes de esta comisi\u00f3n durante el curso 2025-26 son:<\/p><ul><li>Ana Mui\u00f1o<\/li><li>Edurne Les<\/li><li>AnaMonreal<\/li><li>Bego\u00f1a Dominguez<\/li><li>Joana Gutierrez<\/li><li>Paula Jimenez<\/li><li>Sara Arjona<\/li><\/ul><p>Direcci\u00f3n de contacto:\u00a0\u00a0<a href=\"mailto:escueladepadres@apymajesuitaspamplona.com\">escueladepadres@apymajesuitaspamplona.com<\/a><\/p><\/div>\n\t\t\t\t\t\t\t\t\t<div class=\"elementor-tab-title elementor-tab-mobile-title\" aria-selected=\"false\" data-tab=\"9\" role=\"tab\" tabindex=\"-1\" aria-controls=\"elementor-tab-content-7829\" aria-expanded=\"false\">Comunicaci\u00f3n<\/div>\n\t\t\t\t\t<div id=\"elementor-tab-content-7829\" class=\"elementor-tab-content elementor-clearfix\" data-tab=\"9\" role=\"tabpanel\" aria-labelledby=\"elementor-tab-title-7829\" tabindex=\"0\" hidden=\"hidden\"><p>Esta comisi\u00f3n tiene como objetivo trabajar en los distintos canales de comunicaci\u00f3n desde y hacia los padres, miembros de la asociaci\u00f3n. El principal medio de comunicaci\u00f3n actual es nuestra p\u00e1gina web.<\/p><p>Los integrantes de esta comisi\u00f3n durante el curso 2025-26 son:\u00a0<\/p><ul><li>Daniel G\u00f3mez de Segura<\/li><li>Beatriz Ans\u00f3<\/li><\/ul><p>Direcci\u00f3n de contacto:\u00a0\u00a0<a href=\"mailto:comunicacion@apymajesuitaspamplona.com\">comunicacion@apymajesuitaspamplona.com<\/a><\/p><\/div>\n\t\t\t\t\t\t\t\t\t<div class=\"elementor-tab-title elementor-tab-mobile-title\" aria-selected=\"false\" data-tab=\"10\" role=\"tab\" tabindex=\"-1\" aria-controls=\"elementor-tab-content-78210\" aria-expanded=\"false\">Identity-G<\/div>\n\t\t\t\t\t<div id=\"elementor-tab-content-78210\" class=\"elementor-tab-content elementor-clearfix\" data-tab=\"10\" role=\"tabpanel\" aria-labelledby=\"elementor-tab-title-78210\" tabindex=\"0\" hidden=\"hidden\"><p>Esta comisi\u00f3n tiene como funci\u00f3n del desarrollo y puesta en marcha del nuevo proyecto que va a poner en contacto a toda la Comunidad Ignaciana, est\u00e9n o no en el colegio en la actualidad.<\/p><p>Correo electr\u00f3nico: apyma@apymajesuitaspamplona.com<\/p><\/div>\n\t\t\t\t\t\t\t<\/div>\n\t\t<\/div>\n\t\t\t\t\t\t<\/div>\n\t\t\t\t<\/div>\n\t\t\t\t\t<\/div>\n\t\t<\/div>\n\t\t\t\t\t<\/div>\n\t\t<\/section>\n\t\t\t\t<\/div>\n\t\t","protected":false},"excerpt":{"rendered":"<p>La junta directiva de la asociaci\u00f3n est\u00e1 compuesta por 24 miembros. Es un n\u00famero lo suficientemente grande como para que no sea operativo trabajar en com\u00fan sobre todos los asuntos; por ello se han establecido varias comisiones de trabajo que permiten un funcionamiento \u00e1gil. Las comisiones se re\u00fanen con sus equivalentes en la estructura del [&hellip;]<\/p>\n","protected":false},"author":1,"featured_media":0,"parent":0,"menu_order":0,"comment_status":"closed","ping_status":"closed","template":"","meta":{"footnotes":""},"class_list":["post-389","page","type-page","status-publish","hentry"],"_links":{"self":[{"href":"https:\/\/apymajesuitaspamplona.com\/index.php?rest_route=\/wp\/v2\/pages\/389","targetHints":{"allow":["GET"]}}],"collection":[{"href":"https:\/\/apymajesuitaspamplona.com\/index.php?rest_route=\/wp\/v2\/pages"}],"about":[{"href":"https:\/\/apymajesuitaspamplona.com\/index.php?rest_route=\/wp\/v2\/types\/page"}],"author":[{"embeddable":true,"href":"https:\/\/apymajesuitaspamplona.com\/index.php?rest_route=\/wp\/v2\/users\/1"}],"replies":[{"embeddable":true,"href":"https:\/\/apymajesuitaspamplona.com\/index.php?rest_route=%2Fwp%2Fv2%2Fcomments&post=389"}],"version-history":[{"count":72,"href":"https:\/\/apymajesuitaspamplona.com\/index.php?rest_route=\/wp\/v2\/pages\/389\/revisions"}],"predecessor-version":[{"id":2772,"href":"https:\/\/apymajesuitaspamplona.com\/index.php?rest_route=\/wp\/v2\/pages\/389\/revisions\/2772"}],"wp:attachment":[{"href":"https:\/\/apymajesuitaspamplona.com\/index.php?rest_route=%2Fwp%2Fv2%2Fmedia&parent=389"}],"curies":[{"name":"wp","href":"https:\/\/api.w.org\/{rel}","templated":true}]}}