{"id":293,"date":"2021-11-20T12:27:08","date_gmt":"2021-11-20T12:27:08","guid":{"rendered":"http:\/\/s448133046.mialojamiento.es\/?page_id=293"},"modified":"2025-10-09T15:44:57","modified_gmt":"2025-10-09T14:44:57","slug":"junta-directiva","status":"publish","type":"page","link":"https:\/\/apymajesuitaspamplona.com\/?page_id=293","title":{"rendered":"JUNTA DIRECTIVA"},"content":{"rendered":"\t\t<div data-elementor-type=\"wp-page\" data-elementor-id=\"293\" class=\"elementor elementor-293\">\n\t\t\t\t\t\t<section class=\"elementor-section elementor-top-section elementor-element elementor-element-3dfda3f elementor-section-boxed elementor-section-height-default elementor-section-height-default\" data-id=\"3dfda3f\" data-element_type=\"section\" data-e-type=\"section\">\n\t\t\t\t\t\t<div class=\"elementor-container elementor-column-gap-default\">\n\t\t\t\t\t<div class=\"elementor-column elementor-col-100 elementor-top-column elementor-element elementor-element-0ecf9e3\" data-id=\"0ecf9e3\" data-element_type=\"column\" data-e-type=\"column\">\n\t\t\t<div class=\"elementor-widget-wrap elementor-element-populated\">\n\t\t\t\t\t\t<div class=\"elementor-element elementor-element-73ac128 elementor-widget elementor-widget-text-editor\" data-id=\"73ac128\" data-element_type=\"widget\" data-e-type=\"widget\" data-widget_type=\"text-editor.default\">\n\t\t\t\t<div class=\"elementor-widget-container\">\n\t\t\t\t\t\t\t\t\t<h2><strong>MIEMBROS DE LA JUNTA DE LA APYMA 2025-26<\/strong><\/h2>\t\t\t\t\t\t\t\t<\/div>\n\t\t\t\t<\/div>\n\t\t\t\t\t<\/div>\n\t\t<\/div>\n\t\t\t\t\t<\/div>\n\t\t<\/section>\n\t\t\t\t<section class=\"elementor-section elementor-top-section elementor-element elementor-element-3a7d529 elementor-section-boxed elementor-section-height-default elementor-section-height-default\" data-id=\"3a7d529\" data-element_type=\"section\" data-e-type=\"section\">\n\t\t\t\t\t\t<div class=\"elementor-container elementor-column-gap-default\">\n\t\t\t\t\t<div class=\"elementor-column elementor-col-100 elementor-top-column elementor-element elementor-element-605ec77\" data-id=\"605ec77\" data-element_type=\"column\" data-e-type=\"column\">\n\t\t\t<div class=\"elementor-widget-wrap elementor-element-populated\">\n\t\t\t\t\t\t<div class=\"elementor-element elementor-element-05a19cb elementor-widget elementor-widget-text-editor\" data-id=\"05a19cb\" data-element_type=\"widget\" data-e-type=\"widget\" data-widget_type=\"text-editor.default\">\n\t\t\t\t<div class=\"elementor-widget-container\">\n\t\t\t\t\t\t\t\t\t<table style=\"height: 1333px;\" width=\"239\">\n<tbody>\n<tr>\n<td>Presidencia<\/td>\n<td>Beatriz Ans\u00f3 Armend\u00e1riz<\/td>\n<\/tr>\n<tr>\n<td>Vicepresidencia<\/td>\n<td>Helena Areta Rodriguez<\/td>\n<\/tr>\n<tr>\n<td>Secretar\u00eda<\/td>\n<td>Javier Remirez de Esparza Cabodevilla<\/td>\n<\/tr>\n<tr>\n<td>Tesorer\u00eda<\/td>\n<td>Beatriz Sesma \u00c1lvarez-Maldonado<\/td>\n<\/tr>\n<tr>\n<td>Vocal<\/td>\n<td>Sofia Bachino Fagalde<\/td>\n<\/tr>\n<tr>\n<td>Vocal<\/td>\n<td>Sara Arjona Mart\u00ednez-Polo<\/td>\n<\/tr>\n<tr>\n<td>Vocal<\/td>\n<td>Gabriela Samaranch Dom\u00e9nech<\/td>\n<\/tr>\n<tr>\n<td>Vocal<\/td>\n<td>Elena Urtasun Izurdiaga<\/td>\n<\/tr>\n<tr>\n<td>Vocal<\/td>\n<td>Laura Hern\u00e1ndez Sanz<\/td>\n<\/tr>\n<tr>\n<td>Vocal<\/td>\n<td>Moncho Pi\u00f1eiro \u00c1lvarez<\/td>\n<\/tr>\n<tr>\n<td>Vocal<\/td>\n<td>Amaya Algarra Grande<\/td>\n<\/tr>\n<tr>\n<td>Vocal<\/td>\n<td>Ana Mui\u00f1o Zabalza<\/td>\n<\/tr>\n<tr>\n<td>Vocal<\/td>\n<td>Bego\u00f1a Dominguez<\/td>\n<\/tr>\n<tr>\n<td>Vocal<\/td>\n<td>Edurne Les Ardanaz<\/td>\n<\/tr>\n<tr>\n<td>Vocal<\/td>\n<td>Ana M\u00aa Monreal Lesmes<\/td>\n<\/tr>\n<tr>\n<td>Vocal<\/td>\n<td>Teresa Arlaban Gabeiras<\/td>\n<\/tr>\n<tr>\n<td>Vocal<\/td>\n<td>Valentina Fern\u00e1ndez Ladr\u00f3n<\/td>\n<\/tr>\n<tr>\n<td>Vocal<\/td>\n<td>Marta P\u00e9rez Nievas<\/td>\n<\/tr>\n<tr>\n<td>Vocal<\/td>\n<td>Paula Teresa Jimenez Grocin<\/td>\n<\/tr>\n<tr>\n<td>Vocal<\/td>\n<td>Silvia Del Castillo Fiuza<\/td>\n<\/tr>\n<tr>\n<td>Vocal<\/td>\n<td>Olga Mu\u00f1oz P\u00e9rez<\/td>\n<\/tr>\n<tr>\n<td>Vocal<\/td>\n<td>Julissa P\u00e9rez Barrera<\/td>\n<\/tr>\n<tr>\n<td>Vocal<\/td>\n<td>Esther Arteaga Fern\u00e1ndez<\/td>\n<\/tr>\n<tr>\n<td>Vocal<\/td>\n<td>Daniel G\u00f3mez de Segura Sanz<\/td>\n<\/tr>\n<\/tbody>\n<\/table>\t\t\t\t\t\t\t\t<\/div>\n\t\t\t\t<\/div>\n\t\t\t\t\t<\/div>\n\t\t<\/div>\n\t\t\t\t\t<\/div>\n\t\t<\/section>\n\t\t\t\t<\/div>\n\t\t","protected":false},"excerpt":{"rendered":"<p>MIEMBROS DE LA JUNTA DE LA APYMA 2025-26 Presidencia Beatriz Ans\u00f3 Armend\u00e1riz Vicepresidencia Helena Areta Rodriguez Secretar\u00eda Javier Remirez de Esparza Cabodevilla Tesorer\u00eda Beatriz Sesma \u00c1lvarez-Maldonado Vocal Sofia Bachino Fagalde Vocal Sara Arjona Mart\u00ednez-Polo Vocal Gabriela Samaranch Dom\u00e9nech Vocal Elena Urtasun Izurdiaga Vocal Laura Hern\u00e1ndez Sanz Vocal Moncho Pi\u00f1eiro \u00c1lvarez Vocal Amaya Algarra Grande Vocal [&hellip;]<\/p>\n","protected":false},"author":1,"featured_media":0,"parent":0,"menu_order":0,"comment_status":"closed","ping_status":"closed","template":"","meta":{"footnotes":""},"class_list":["post-293","page","type-page","status-publish","hentry"],"_links":{"self":[{"href":"https:\/\/apymajesuitaspamplona.com\/index.php?rest_route=\/wp\/v2\/pages\/293","targetHints":{"allow":["GET"]}}],"collection":[{"href":"https:\/\/apymajesuitaspamplona.com\/index.php?rest_route=\/wp\/v2\/pages"}],"about":[{"href":"https:\/\/apymajesuitaspamplona.com\/index.php?rest_route=\/wp\/v2\/types\/page"}],"author":[{"embeddable":true,"href":"https:\/\/apymajesuitaspamplona.com\/index.php?rest_route=\/wp\/v2\/users\/1"}],"replies":[{"embeddable":true,"href":"https:\/\/apymajesuitaspamplona.com\/index.php?rest_route=%2Fwp%2Fv2%2Fcomments&post=293"}],"version-history":[{"count":35,"href":"https:\/\/apymajesuitaspamplona.com\/index.php?rest_route=\/wp\/v2\/pages\/293\/revisions"}],"predecessor-version":[{"id":2714,"href":"https:\/\/apymajesuitaspamplona.com\/index.php?rest_route=\/wp\/v2\/pages\/293\/revisions\/2714"}],"wp:attachment":[{"href":"https:\/\/apymajesuitaspamplona.com\/index.php?rest_route=%2Fwp%2Fv2%2Fmedia&parent=293"}],"curies":[{"name":"wp","href":"https:\/\/api.w.org\/{rel}","templated":true}]}}