{"id":271,"date":"2021-11-20T12:02:50","date_gmt":"2021-11-20T12:02:50","guid":{"rendered":"http:\/\/s448133046.mialojamiento.es\/?page_id=271"},"modified":"2022-01-08T19:20:49","modified_gmt":"2022-01-08T18:20:49","slug":"funci","status":"publish","type":"page","link":"https:\/\/apymajesuitaspamplona.com\/?page_id=271","title":{"rendered":"FUNCIONAMIENTO"},"content":{"rendered":"\t\t<div data-elementor-type=\"wp-page\" data-elementor-id=\"271\" class=\"elementor elementor-271\">\n\t\t\t\t\t\t<section class=\"elementor-section elementor-top-section elementor-element elementor-element-d77c994 elementor-section-boxed elementor-section-height-default elementor-section-height-default\" data-id=\"d77c994\" data-element_type=\"section\" data-e-type=\"section\">\n\t\t\t\t\t\t<div class=\"elementor-container elementor-column-gap-default\">\n\t\t\t\t\t<div class=\"elementor-column elementor-col-100 elementor-top-column elementor-element elementor-element-116ee33\" data-id=\"116ee33\" data-element_type=\"column\" data-e-type=\"column\">\n\t\t\t<div class=\"elementor-widget-wrap elementor-element-populated\">\n\t\t\t\t\t\t<div class=\"elementor-element elementor-element-91a306a elementor-widget elementor-widget-text-editor\" data-id=\"91a306a\" data-element_type=\"widget\" data-e-type=\"widget\" data-widget_type=\"text-editor.default\">\n\t\t\t\t<div class=\"elementor-widget-container\">\n\t\t\t\t\t\t\t\t\t<h2><a href=\"http:\/\/apymajesuitaspamplona.com\/index.php\/asociacion\/funcionamiento\">Funcionamiento<\/a><\/h2><dl class=\"article-info\"><dt class=\"article-info-term\"><\/dt><\/dl><p><strong>1. FUNCIONAMIENTO ORGANIZATIVO<\/strong><\/p><p><strong>1.1.\u00a0\u00a0\u00a0 ASAMBLEAS:<\/strong>\u00a0Son los \u00f3rganos de decisi\u00f3n de todos los asociados.<\/p><ol><li style=\"list-style-type: none;\"><ol><li>Ordinarias: Con car\u00e1cter anual, se celebra a final de curso. En ella se aprueba la gesti\u00f3n del curso pasado, se establecen objetivos para el siguiente y se renuevan los miembros de la junta directiva.<\/li><li>Extraordinarias: Se celebran ante hechos que la demanden.<\/li><\/ol><\/li><\/ol><p><strong>\u00a0<\/strong><strong>2. FUNCIONAMIENTO ORDINARIO<\/strong><\/p><p><strong>2.1. \u00a0 \u00a0 \u00a0 REUNIONES DE LA JUNTA DIRECTIVA<\/strong><\/p><p>Son reuniones ordinarias de trabajo donde se tratan temas de actualidad relevantes, as\u00ed como propuestas y sugerencias de padres. Se celebran con periodicidad mensual y asisten todos los miembros de la junta directiva junto con aquellas personas cuya presencia sea importante por su relevancia ante los temas a tratar.<\/p><p><strong>2.2. \u00a0 \u00a0 \u00a0 COMISIONES<\/strong><\/p><p>El funcionamiento operativo de la asociaci\u00f3n se realiza a trav\u00e9s de comisiones, que se establecen para distribuir las actividades que realiza la asociaci\u00f3n. Su labor consiste tanto en analizar y dar soluci\u00f3n a las demandas de los asociados en su \u00e1rea de actuaci\u00f3n, como en identificar y proponer acciones para su consideraci\u00f3n y desarrollo por parte de la junta directiva. Existen tantas comisiones como \u00e1reas de trabajo, objetivos y proyectos se quieren desarrollar.<\/p><p><strong>2.3. \u00a0 \u00a0 \u00a0 COORDINADORES<\/strong><\/p><p>Son los miembros de la junta directiva que establecen un flujo de informaci\u00f3n entre los padres y la asociaci\u00f3n a trav\u00e9s de los delegados. Existe un coordinador por cada ciclo educativo.<\/p><p><strong>2.4. \u00a0 \u00a0 \u00a0 DELEGADOS<\/strong><\/p><p>Son los responsables de mantener una comunicaci\u00f3n permanente con los padres.<\/p>\t\t\t\t\t\t\t\t<\/div>\n\t\t\t\t<\/div>\n\t\t\t\t\t<\/div>\n\t\t<\/div>\n\t\t\t\t\t<\/div>\n\t\t<\/section>\n\t\t\t\t<\/div>\n\t\t","protected":false},"excerpt":{"rendered":"<p>Funcionamiento 1. FUNCIONAMIENTO ORGANIZATIVO 1.1.\u00a0\u00a0\u00a0 ASAMBLEAS:\u00a0Son los \u00f3rganos de decisi\u00f3n de todos los asociados. Ordinarias: Con car\u00e1cter anual, se celebra a final de curso. En ella se aprueba la gesti\u00f3n del curso pasado, se establecen objetivos para el siguiente y se renuevan los miembros de la junta directiva. Extraordinarias: Se celebran ante hechos que la [&hellip;]<\/p>\n","protected":false},"author":1,"featured_media":0,"parent":0,"menu_order":0,"comment_status":"closed","ping_status":"closed","template":"","meta":{"footnotes":""},"class_list":["post-271","page","type-page","status-publish","hentry"],"_links":{"self":[{"href":"https:\/\/apymajesuitaspamplona.com\/index.php?rest_route=\/wp\/v2\/pages\/271","targetHints":{"allow":["GET"]}}],"collection":[{"href":"https:\/\/apymajesuitaspamplona.com\/index.php?rest_route=\/wp\/v2\/pages"}],"about":[{"href":"https:\/\/apymajesuitaspamplona.com\/index.php?rest_route=\/wp\/v2\/types\/page"}],"author":[{"embeddable":true,"href":"https:\/\/apymajesuitaspamplona.com\/index.php?rest_route=\/wp\/v2\/users\/1"}],"replies":[{"embeddable":true,"href":"https:\/\/apymajesuitaspamplona.com\/index.php?rest_route=%2Fwp%2Fv2%2Fcomments&post=271"}],"version-history":[{"count":13,"href":"https:\/\/apymajesuitaspamplona.com\/index.php?rest_route=\/wp\/v2\/pages\/271\/revisions"}],"predecessor-version":[{"id":1032,"href":"https:\/\/apymajesuitaspamplona.com\/index.php?rest_route=\/wp\/v2\/pages\/271\/revisions\/1032"}],"wp:attachment":[{"href":"https:\/\/apymajesuitaspamplona.com\/index.php?rest_route=%2Fwp%2Fv2%2Fmedia&parent=271"}],"curies":[{"name":"wp","href":"https:\/\/api.w.org\/{rel}","templated":true}]}}